{"id":4925,"date":"2022-03-12T19:01:27","date_gmt":"2022-03-12T10:01:27","guid":{"rendered":"https:\/\/amamiai.com\/pagina-de-ejemplo\/"},"modified":"2022-03-12T19:01:27","modified_gmt":"2022-03-12T10:01:27","slug":"pagina-de-ejemplo","status":"publish","type":"page","link":"https:\/\/amamiai.com\/es\/pagina-de-ejemplo\/","title":{"rendered":"P\u00e1gina de Ejemplo"},"content":{"rendered":"\n<p>Esta es una pagina de muestra. Se diferencia de las publicaciones de blog en que se fija en la misma posici\u00f3n y (en muchos temas) se incluye en el men\u00fa de navegaci\u00f3n del sitio. En primer lugar, es com\u00fan crear una p\u00e1gina de autopresentaci\u00f3n que le explique a los visitantes de su sitio. Por ejemplo:<\/p>\n\n<blockquote class=\"wp-block-quote is-layout-flow wp-block-quote-is-layout-flow\"><p>Un placer conocerte. Trabajo como mensajero en moto durante el d\u00eda, pero tambi\u00e9n quiero ser actor. Este es mi sitio. Vivo en Los \u00c1ngeles y tengo un lindo perro llamado Jack. Mi favorita es la pi\u00f1a colada y mojarme con la lluvia de la calle.<\/p><\/blockquote>\n\n<p>O algo como esto.<\/p>\n\n<blockquote class=\"wp-block-quote is-layout-flow wp-block-quote-is-layout-flow\"><p>Desde su fundaci\u00f3n en 1971, XYZ Props Co., Ltd. ha brindado accesorios de alta calidad a todos. Ubicada en Gotham City, nuestra empresa emplea a m\u00e1s de 2000 personas y contribuye a la comunidad local de muchas maneras.<\/p><\/blockquote>\n\n<p>Si es un nuevo usuario de WordPress, vaya a su <a href=\"http:\/\/amamiai.com\/wp-admin\/\">panel<\/a> de control, elimine esta p\u00e1gina y cree una nueva p\u00e1gina con su propio contenido. \u00a1Divertirse!<\/p>\n","protected":false},"excerpt":{"rendered":"Esta es una pagina de muestra. Se diferencia de las publicaciones de blog en que se fija en la misma posici\u00f3n y (en muchos temas) se incluye en el men\u00fa de navegaci\u00f3n del sitio. En primer lugar, es com\u00fan crear una p\u00e1gina de autopresentaci\u00f3n que le explique a los visitantes de su sitio. Por ejemplo: Un placer conocerte. Trabajo como mensajero en moto durante el d\u00eda, pero tambi\u00e9n quiero ser actor. Este es mi sitio. Vivo en Los \u00c1ngeles y tengo un lindo perro llamado Jack. Mi favorita es la pi\u00f1a colada y mojarme con la lluvia de la calle. O algo como esto. Desde su fundaci\u00f3n en 1971, XYZ Props Co., Ltd. ha brindado accesorios de alta calidad a todos. Ubicada en Gotham City, nuestra empresa emplea a m\u00e1s de 2000 personas y contribuye a la comunidad local de muchas maneras. Si es un nuevo usuario de WordPress, vaya a su panel de...","protected":false},"author":1,"featured_media":0,"parent":0,"menu_order":0,"comment_status":"closed","ping_status":"open","template":"","meta":{"footnotes":""},"class_list":["post-4925","page","type-page","status-publish","hentry"],"_links":{"self":[{"href":"https:\/\/amamiai.com\/es\/wp-json\/wp\/v2\/pages\/4925","targetHints":{"allow":["GET"]}}],"collection":[{"href":"https:\/\/amamiai.com\/es\/wp-json\/wp\/v2\/pages"}],"about":[{"href":"https:\/\/amamiai.com\/es\/wp-json\/wp\/v2\/types\/page"}],"author":[{"embeddable":true,"href":"https:\/\/amamiai.com\/es\/wp-json\/wp\/v2\/users\/1"}],"replies":[{"embeddable":true,"href":"https:\/\/amamiai.com\/es\/wp-json\/wp\/v2\/comments?post=4925"}],"version-history":[{"count":1,"href":"https:\/\/amamiai.com\/es\/wp-json\/wp\/v2\/pages\/4925\/revisions"}],"predecessor-version":[{"id":4927,"href":"https:\/\/amamiai.com\/es\/wp-json\/wp\/v2\/pages\/4925\/revisions\/4927"}],"wp:attachment":[{"href":"https:\/\/amamiai.com\/es\/wp-json\/wp\/v2\/media?parent=4925"}],"curies":[{"name":"wp","href":"https:\/\/api.w.org\/{rel}","templated":true}]}}