{"id":4955,"date":"2022-03-12T19:01:34","date_gmt":"2022-03-12T10:01:34","guid":{"rendered":"https:\/\/amamiai.com\/amami-oshima-un-sitio-del-patrimonio-mundial-natural-esta-fascinado-por-su-rica-naturaleza-y-cultura-tradicional-unica\/"},"modified":"2022-03-12T19:01:44","modified_gmt":"2022-03-12T10:01:44","slug":"amami-oshima-un-sitio-del-patrimonio-mundial-natural-esta-fascinado-por-su-rica-naturaleza-y-cultura-tradicional-unica","status":"publish","type":"page","link":"https:\/\/amamiai.com\/es\/amami-oshima-un-sitio-del-patrimonio-mundial-natural-esta-fascinado-por-su-rica-naturaleza-y-cultura-tradicional-unica\/","title":{"rendered":"Amami Oshima, un sitio del Patrimonio Mundial Natural, est\u00e1 fascinado por su rica naturaleza y cultura tradicional \u00fanica."},"content":{"rendered":"\n<h2 class=\"wp-block-heading\"><strong>\u00bfQu\u00e9 tipo de isla es Amami Oshima?<\/strong><\/h2>\n\n<p>Amami Oshima se encuentra en medio del continente de Kagoshima y la isla principal de Okinawa, muy al sur de Kyushu. El \u00e1rea es de 712,4 km\u00b2. Entre las islas remotas de Jap\u00f3n, es la tercera isla m\u00e1s grande despu\u00e9s de la isla principal de Okinawa y la isla de Sado.<\/p>\n\n<p>Est\u00e1 a unos 80 km de Kasari-cho en el extremo norte, que est\u00e1 cerca del aeropuerto de Amami, a Koniya, Setouchi-cho en el extremo sur, y son aproximadamente 2 horas en autom\u00f3vil. El \u00e1rea de Naze, que es el centro de Amami, tiene muchos restaurantes y es una ciudad concurrida, pero la mayor parte de la isla est\u00e1 cubierta de vegetaci\u00f3n oscura y la naturaleza intacta y din\u00e1mica se extiende.<\/p>\n\n<figure class=\"wp-block-gallery has-nested-images columns-default is-cropped wp-block-gallery-1 is-layout-flex wp-block-gallery-is-layout-flex\">\n<figure class=\"wp-block-image size-large\"><img loading=\"lazy\" decoding=\"async\" width=\"2000\" height=\"1333\" data-id=\"4035\" src=\"https:\/\/amamiai.com\/wp-content\/uploads\/2022\/01\/KAW1113.jpg\" alt=\"\" class=\"wp-image-4035\"\/><\/figure><\/figure>\n\n<h2 class=\"wp-block-heading\"><strong>Bienvenido a Kakeromajima<\/strong><\/h2>\n\n<p>Kakeromajima, donde se encuentra el Grupo de Estudio Amami Aizen, es una peque\u00f1a isla a unos 15 minutos en barco desde el puerto de Koniya, que es el extremo sur de la isla principal de Amami, al otro lado del mar. La poblaci\u00f3n es de unos 1000. No hay tiendas de conveniencia en la ciudad y el entorno de Internet no es suficiente. Puede pensar que no hay nada por un momento, pero hay una vista magn\u00edfica justo en frente de usted que no necesita m\u00e1s.<\/p>\n\n<figure class=\"wp-block-gallery has-nested-images columns-default is-cropped wp-block-gallery-2 is-layout-flex wp-block-gallery-is-layout-flex\">\n<figure class=\"wp-block-image size-large\"><img loading=\"lazy\" decoding=\"async\" width=\"2000\" height=\"1333\" data-id=\"3960\" src=\"https:\/\/amamiai.com\/wp-content\/uploads\/2022\/01\/KAW0460.jpg\" alt=\"\" class=\"wp-image-3960\"\/><\/figure><\/figure>\n\n<p>Una playa de arena blanca infinitamente hermosa, un mar claro y un poderoso baniano que parece comenzar a moverse en cualquier momento. El aire misterioso y claro \u00fanico de esta isla es algo que nunca podr\u00e1s sentir en ning\u00fan otro lugar. Abandonarse en la magn\u00edfica naturaleza y pasar un tiempo relajante en la isla lo liberar\u00e1 de su ajetreada vida diaria, se olvidar\u00e1 de sus aversiones y eliminar\u00e1 el cansancio de la ciudad.<\/p>\n\n<h2 class=\"wp-block-heading\"><strong>Amami Oshima, naturaleza colorida<\/strong><\/h2>\n\n<p>Lo m\u00e1s llamativo para quienes vienen a Amami Oshima es el color claro y refrescante de los arrecifes de coral, tambi\u00e9n conocido como \u00abAmami Blue\u00bb. Ya sea azul cobalto o verde esmeralda, te fascinar\u00e1n los incre\u00edbles colores intensos que no se pueden describir f\u00e1cilmente.<\/p>\n\n<figure class=\"wp-block-gallery has-nested-images columns-default is-cropped wp-block-gallery-3 is-layout-flex wp-block-gallery-is-layout-flex\">\n<figure class=\"wp-block-image size-large\"><img loading=\"lazy\" decoding=\"async\" width=\"2000\" height=\"1333\" data-id=\"4650\" src=\"https:\/\/amamiai.com\/wp-content\/uploads\/2022\/01\/KAW8961.jpg\" alt=\"\" class=\"wp-image-4650\"\/><\/figure><\/figure>\n\n<p>La expresi\u00f3n cambia de un momento a otro seg\u00fan la estaci\u00f3n, el tiempo y el clima, como la superficie dorada del agua que brilla con el sol naciente, el azul reflejado bajo el cielo azul donde brilla el sol y el naranja ardiente cuando el sol se pone. Conjuntos En el paisaje, puedes encontrarte con un momento milagroso impresionante.<\/p>\n\n<p>Por otro lado, la mayor\u00eda de las zonas monta\u00f1osas que ocupan la mayor parte de la isla son extensos bosques. El bosque de laurisilva subtropical m\u00e1s grande de Jap\u00f3n se est\u00e1 extendiendo. Hay muchos lugares pintorescos populares, como el bosque virgen de manglares, donde puede disfrutar del canotaje mientras interact\u00faa con la naturaleza.<\/p>\n\n<p>Est\u00e1 atrayendo la atenci\u00f3n como uno de los principales lugares de nataci\u00f3n y observaci\u00f3n de ballenas del mundo, que es visitado por padres e hijos de ballenas jorobadas todos los a\u00f1os en invierno.<\/p>\n\n<p>En el bosque, hay muchos animales y plantas raros que solo se pueden ver en esta \u00e1rea del mundo, como monumentos naturales como el conejo Amami y especies en peligro de extinci\u00f3n. El 26 de julio, tercer a\u00f1o de Reiwa, se decidi\u00f3 oficialmente el registro de \u00abAmami Oshima, Tokunoshima, el norte de la isla de Okinawa y la isla de Nishiomote\u00bb como Patrimonio de la Humanidad.<\/p>\n\n<figure class=\"wp-block-gallery has-nested-images columns-default is-cropped wp-block-gallery-4 is-layout-flex wp-block-gallery-is-layout-flex\">\n<figure class=\"wp-block-image size-large\"><img loading=\"lazy\" decoding=\"async\" width=\"2000\" height=\"1333\" data-id=\"4281\" src=\"https:\/\/amamiai.com\/wp-content\/uploads\/2022\/01\/KAW2831.jpg\" alt=\"\" class=\"wp-image-4281\"\/><\/figure><\/figure>\n\n<h2 class=\"wp-block-heading\"><strong>Cultura tradicional viva, gastronom\u00eda local y la calidez de los isle\u00f1os<\/strong><\/h2>\n\n<p>La abundante naturaleza es un gran atractivo de Amami Oshima, pero no es el \u00fanico. La cultura tradicional \u00fanica alimentada por la gente de la isla es una experiencia valiosa que no se puede experimentar en ning\u00fan otro lugar. Por ejemplo, en Amami, existe la costumbre de pensar en agosto en el calendario lunar como el A\u00f1o Nuevo, y la gente canta y baila en c\u00edrculo mientras golpea un peque\u00f1o tambor llamado Chijin, deseando un sentimiento de gratitud a Dios y una buena. cosecha Hay un festival llamado. Muchas golosinas est\u00e1n alineadas en el centro, y las risas animadas resuenan hasta altas horas de la noche, lo cual es una costumbre local de esta isla.<\/p>\n\n<p>Por supuesto, no puede faltar la comida isle\u00f1a. La cocina local se llama \u00abshimajuri\u00bb y es dif\u00edcil de encontrar en otro lugar. El plato m\u00e1s famoso es el arroz con pollo. Se dice que fue creado para entretener a los funcionarios durante el per\u00edodo Edo bajo el control del dominio Satsuma. Ponga ingredientes como pollo hervido y suelto, encurtidos y huevos caldosos sobre el arroz y espolvoree con sopa de pollo caliente.<\/p>\n\n<p>Para aquellos que nunca han estado en la isla, como el aceite de somen, el jugo de cabra, la tobinnya hervida salada (magakigai), la papaya en escabeche, el sotetsu miso y la bebida fermentada miki, solo pregunte una vez. no puedo imaginar Si prueba un bocado de cada uno, ser\u00e1 delicioso y aliviado. Una caracter\u00edstica importante de esta isla es que puedes obtener una variedad de ingredientes frescos como pescado, verduras y frutas.<\/p>\n\n<figure class=\"wp-block-gallery has-nested-images columns-default is-cropped wp-block-gallery-5 is-layout-flex wp-block-gallery-is-layout-flex\">\n<figure class=\"wp-block-image size-large\"><img loading=\"lazy\" decoding=\"async\" width=\"2000\" height=\"1333\" data-id=\"4386\" src=\"https:\/\/amamiai.com\/wp-content\/uploads\/2022\/01\/KAW7757.jpg\" alt=\"\" class=\"wp-image-4386\"\/><\/figure><\/figure>\n\n<p>Y al fin y al cabo, lo m\u00e1s divertido es interactuar con la gente que vive en la isla. La c\u00e1lida y c\u00e1lida hospitalidad de los isle\u00f1os derretir\u00e1 los corazones de los visitantes, los sanar\u00e1 y los har\u00e1 sentir a gusto.<\/p>\n","protected":false},"excerpt":{"rendered":"\u00bfQu\u00e9 tipo de isla es Amami Oshima? Amami Oshima se encuentra en medio del continente de Kagoshima y la isla principal de Okinawa, muy al sur de Kyushu. El \u00e1rea es de 712,4 km\u00b2. Entre las islas remotas de Jap\u00f3n, es la tercera isla m\u00e1s grande despu\u00e9s de la isla principal de Okinawa y la isla de Sado. Est\u00e1 a unos 80 km de Kasari-cho en el extremo norte, que est\u00e1 cerca del aeropuerto de Amami, a Koniya, Setouchi-cho en el extremo sur, y son aproximadamente 2 horas en autom\u00f3vil. El \u00e1rea de Naze, que es el centro de Amami, tiene muchos restaurantes y es una ciudad concurrida, pero la mayor parte de la isla est\u00e1 cubierta de vegetaci\u00f3n oscura y la naturaleza intacta y din\u00e1mica se extiende. Bienvenido a Kakeromajima Kakeromajima, donde se encuentra el Grupo de Estudio Amami Aizen, es una peque\u00f1a isla a unos 15 minutos en barco desde el puerto...","protected":false},"author":1,"featured_media":4029,"parent":0,"menu_order":0,"comment_status":"closed","ping_status":"closed","template":"","meta":{"footnotes":""},"class_list":["post-4955","page","type-page","status-publish","has-post-thumbnail","hentry"],"_links":{"self":[{"href":"https:\/\/amamiai.com\/es\/wp-json\/wp\/v2\/pages\/4955","targetHints":{"allow":["GET"]}}],"collection":[{"href":"https:\/\/amamiai.com\/es\/wp-json\/wp\/v2\/pages"}],"about":[{"href":"https:\/\/amamiai.com\/es\/wp-json\/wp\/v2\/types\/page"}],"author":[{"embeddable":true,"href":"https:\/\/amamiai.com\/es\/wp-json\/wp\/v2\/users\/1"}],"replies":[{"embeddable":true,"href":"https:\/\/amamiai.com\/es\/wp-json\/wp\/v2\/comments?post=4955"}],"version-history":[{"count":3,"href":"https:\/\/amamiai.com\/es\/wp-json\/wp\/v2\/pages\/4955\/revisions"}],"predecessor-version":[{"id":5001,"href":"https:\/\/amamiai.com\/es\/wp-json\/wp\/v2\/pages\/4955\/revisions\/5001"}],"wp:featuredmedia":[{"embeddable":true,"href":"https:\/\/amamiai.com\/es\/wp-json\/wp\/v2\/media\/4029"}],"wp:attachment":[{"href":"https:\/\/amamiai.com\/es\/wp-json\/wp\/v2\/media?parent=4955"}],"curies":[{"name":"wp","href":"https:\/\/api.w.org\/{rel}","templated":true}]}}