{"id":4962,"date":"2022-03-12T19:01:35","date_gmt":"2022-03-12T10:01:35","guid":{"rendered":"https:\/\/amamiai.com\/que-es-amami-ai\/"},"modified":"2022-03-12T19:01:41","modified_gmt":"2022-03-12T10:01:41","slug":"que-es-amami-ai","status":"publish","type":"page","link":"https:\/\/amamiai.com\/es\/que-es-amami-ai\/","title":{"rendered":"\u00bfQu\u00e9 es Amami Ai?"},"content":{"rendered":"\n<p><strong>Sobre la historia de Amami Ai, \u00abAizen\u00bb que est\u00e1 cerca de nuestras vidas<\/strong><\/p>\n\n<p>Desde la antig\u00fcedad, Aizen ha estado profundamente involucrado en la vida japonesa. Su azul profundo y especial ha sido amado por la gente durante mucho tiempo y se ha mezclado con nuestra vida diaria. Presentamos la historia de Aizen y el \u00abRyukyu Ai\u00bb que el Grupo de Estudio Amami Aizen est\u00e1 trabajando para revivir.<\/p>\n\n<h2 class=\"wp-block-heading\"><strong>Historia del te\u00f1ido \u00edndigo<\/strong><\/h2>\n\n<p>Seg\u00fan una teor\u00eda, se dice que la historia del te\u00f1ido con \u00edndigo es el tinte m\u00e1s antiguo de la humanidad y se ha utilizado en todo el mundo desde la antig\u00fcedad. Se dice que el \u00edndigo se us\u00f3 principalmente en el oeste de Asia alrededor del a\u00f1o 6000 a. C., y alrededor del a\u00f1o 3000 a. C. se han excavado en Turqu\u00eda productos te\u00f1idos y tejidos. Tambi\u00e9n se us\u00f3 tela te\u00f1ida de a\u00f1il para las momias de Tutankam\u00f3n.<\/p>\n\n<figure class=\"wp-block-image size-large\"><img loading=\"lazy\" decoding=\"async\" width=\"1024\" height=\"682\" src=\"https:\/\/amamiai.com\/wp-content\/uploads\/2022\/01\/KAW0155-1024x682.jpg\" alt=\"\" class=\"wp-image-3900\"\/><\/figure>\n<p>Se dice que el m\u00e9todo de cultivo y el m\u00e9todo de te\u00f1ido de la planta de materia prima se introdujeron en Jap\u00f3n desde China hasta Corea en el per\u00edodo de Nara, hace unos 1500 a\u00f1os. La t\u00e9cnica antigua de poner \u00edndigo en frascos y fermentarlo tambi\u00e9n es la base de la t\u00e9cnica actual de te\u00f1ido con \u00edndigo.<\/p>\n\n<p>El te\u00f1ido de \u00edndigo era muy costoso para la gente del per\u00edodo Heian y se consideraba un color noble que usaban las cortes y los arist\u00f3cratas. Muchos productos te\u00f1idos y tejidos te\u00f1idos con \u00edndigo se almacenan en el Templo Horyuji y Shosoin en Nara.<\/p>\n\n<p>Fue durante el per\u00edodo Edo, cuando el algod\u00f3n se generaliz\u00f3, que pas\u00f3 a manos de la gente com\u00fan. El te\u00f1ido \u00edndigo se ha vuelto ampliamente utilizado en todo, desde kimono hasta yukata, ropa de trabajo, ropa de buena voluntad, furoshiki y toallas. Especialmente en Awa (actualmente la prefectura de Tokushima), el cultivo del \u00edndigo florec\u00eda y se dice que los comerciantes de \u00edndigo eran muy pr\u00f3speros.<\/p>\n\n<p>Robert William Atkinson, un qu\u00edmico brit\u00e1nico que visit\u00f3 Jap\u00f3n durante la era Meiji, vio el impresionante azul del \u00edndigo te\u00f1ido por toda la ciudad y lo elogi\u00f3 como \u00abAzul de Jap\u00f3n\u00bb. Aizen es una cultura tradicional de la que los japoneses pueden estar orgullosos y era una parte indispensable de su vida diaria.<\/p>\n\n<h2 class=\"wp-block-heading\"><strong>Acerca de Ryukyu Ai<\/strong><\/h2>\n\n<p>Desde la antig\u00fcedad, el te\u00f1ido con \u00edndigo se ha realizado en Amami usando \u00edndigo que crece naturalmente en las monta\u00f1as. Seg\u00fan el registro m\u00e1s antiguo del te\u00f1ido \u00edndigo de Amami, Ryukyu Ai (llamado \u00abKoai\u00bb) se registr\u00f3 en el registro de investigaci\u00f3n de Ito Sukezaemon, un se\u00f1or feudal a quien el Dominio Satsuma orden\u00f3 que sirviera como hierba medicinal en 1829. La descripci\u00f3n de es izquierda.<\/p>\n\n<p>\u00abRyukyu Ai\u00bb, que nosotros, Amami Aizen Study Group, pretendemos revivir, es una planta perenne de la familia Acanthaceae, que se distribuye principalmente en el sudeste asi\u00e1tico y se cultiva ligeramente en Motobu, Okinawa en Jap\u00f3n. Se dice que el l\u00edmite norte es Amami Oshima, y el te\u00f1ido \u00edndigo Ryukyu tambi\u00e9n se us\u00f3 en Amami Oshima Tsumugi, una artesan\u00eda tradicional que cuenta con una historia de 1300 a\u00f1os.<\/p>\n\n<figure class=\"wp-block-image size-large\"><img loading=\"lazy\" decoding=\"async\" width=\"1024\" height=\"682\" src=\"https:\/\/amamiai.com\/wp-content\/uploads\/2022\/01\/KAW9415-1024x682.jpg\" alt=\"\" class=\"wp-image-4782\"\/><\/figure>\n<p>El 75% de los productos de \u00edndigo natural hechos en Jap\u00f3n est\u00e1n hechos de Tadeai, y el \u00edndigo Ryukyu es una entidad rara con el 25% restante. En 1986 (Showa 61), Yoshihiro Yoshikawa de \u00abYoshikawa Kobo\u00bb en Setouchi Town, Amami Oshima camin\u00f3 por las monta\u00f1as de Amami y encontr\u00f3 un \u00edndigo Ryukyu que crece naturalmente en Kakeromajima, y lo cultiv\u00f3 para producir tintes naturales. Lo hice y reviv\u00ed el \u00edndigo de Amami y lo ti\u00f1\u00f3 como \u00abAmami Ai\u00bb, pero muri\u00f3 hace unos a\u00f1os y la tecnolog\u00eda no se hered\u00f3 y se perdi\u00f3.<\/p>\n\n<p>En comparaci\u00f3n con Tateai, hay muchas cosas que a\u00fan se desconocen sobre Ryukyu Ai, y mucha investigaci\u00f3n no ha progresado. Continuamos investigando e investigando el \u00edndigo Ryukyu, y estamos trabajando para revivir el \u00edndigo Ryukyu, como el cultivo real, los experimentos de te\u00f1ido y el desarrollo de productos.<\/p>\n\n<p><strong>M\u00e9todo de te\u00f1ido \u00edndigo<\/strong><\/p>\n\n<p>El te\u00f1ido con \u00edndigo es un m\u00e9todo de te\u00f1ido que utiliza plantas que contienen el componente de \u00ab\u00edndigo = \u00edndigo\u00bb. Se elabora en varias partes del mundo, y el te\u00f1ido \u00edndigo realizado en Jap\u00f3n generalmente utiliza el Tateai de la familia Polygonaceae. Existen diversas materias primas dependiendo de la regi\u00f3n, como el \u00edndigo Ryukyu de la familia Acanthaceae en Amami y Okinawa, y el \u00edndigo indio de la familia de las leguminosas en el sudeste asi\u00e1tico, pero todas ellas se ti\u00f1en con plantas con un componente pigmentario denominado \u201c\u00edndigo\u201d. .<\/p>\n\n<p>En el caso del \u00edndigo Ryukyu, las hojas cosechadas se colocan en un frasco con agua y se fermentan durante varios d\u00edas para hacer \u00ab\u00edndigo de barro\u00bb del que se extraen los componentes del \u00edndigo. El \u00edndigo de barro no se ti\u00f1e tal como est\u00e1, por lo que al reducir el \u00edndigo, se cambia a un estado en el que se ti\u00f1e en tela. Este proceso se llama \u00abbuilding indigo (construcci\u00f3n de a\u00f1il)\u00bb. Hacer barro \u00edndigo y construir \u00edndigo son dif\u00edciles de ajustar seg\u00fan la estaci\u00f3n y el clima, y requieren una artesan\u00eda delicada.<\/p>\n\n<figure class=\"wp-block-image size-large\"><img loading=\"lazy\" decoding=\"async\" width=\"1024\" height=\"682\" src=\"https:\/\/amamiai.com\/wp-content\/uploads\/2022\/01\/KAW0138-1024x682.jpg\" alt=\"\" class=\"wp-image-3894\"\/><\/figure>\n<p>Cuando el tinte est\u00e9 listo, sumerja el tinte que desea en la soluci\u00f3n de tinte lenta y suavemente. Cuando el material te\u00f1ido se levanta y se expone al aire, reacciona qu\u00edmicamente con el ox\u00edgeno y se vuelve azul claro. Si repite esto varias veces, el color se oscurecer\u00e1 gradualmente. Al te\u00f1ir repetidamente, puede te\u00f1ir varios azules, desde azul claro hasta azul marino intenso.<\/p>\n\n<p>Para expresar el \u00edndigo en el color japon\u00e9s tradicional, el azul ligeramente opaco y muy p\u00e1lido es \u00abMizuasagi\u00bb, el azul verdoso ligeramente m\u00e1s oscuro es \u00abcolor Nando\u00bb, y a\u00fan m\u00e1s negro. Cuanto m\u00e1s cerca, m\u00e1s profundo es el azul. dado varios nombres como \u00abmarr\u00f3n\u00bb. Se dice que los samur\u00e1is prefer\u00edan el marr\u00f3n como \u00abcolor ganador\u00bb y se usaba como amuleto de la suerte.<\/p>\n\n<h2 class=\"wp-block-heading\"><strong>Eficacia del te\u00f1ido \u00edndigo<\/strong><\/h2>\n\n<p>El \u00edndigo tiene otros efectos como repelente de insectos, antibacteriano para suprimir el crecimiento de g\u00e9rmenes, desodorante para suprimir el olor y olor del sudor, y protecci\u00f3n UV para proteger la piel, adem\u00e1s de la belleza de su color, ha apoyado la vida de las personas.<\/p>\n\n<figure class=\"wp-block-image size-large\"><img loading=\"lazy\" decoding=\"async\" width=\"1024\" height=\"682\" src=\"https:\/\/amamiai.com\/wp-content\/uploads\/2022\/01\/KAW2642-1024x682.jpg\" alt=\"\" class=\"wp-image-4251\"\/><\/figure>\n<p>Se dice que tambi\u00e9n tiene una funci\u00f3n para curar heridas en la piel, y se dice que los samur\u00e1is en Kamakura y Edo lo usaban como ropa interior. Incluso ahora, el te\u00f1ido \u00edndigo todav\u00eda se usa para kimonos de artes marciales como el kimono de kendo. En Okinawa y Amami, hay una historia de que el centro no se acerca por alguna raz\u00f3n.<\/p>\n\n<p>La ra\u00edz de \u00edndigo Ryukyu es uno de los \u00abbanlancon\u00bb, que tambi\u00e9n se llama \u00abmedicamento antibi\u00f3tico \/ antiviral chino\u00bb en la medicina china debido a su eficacia como hierba medicinal. Cuando estall\u00f3 el virus del SARS en China en 2003, el Ministerio de Salud chino reconoci\u00f3 oficialmente que tiene un efecto preventivo y alent\u00f3 la administraci\u00f3n activa. El efecto est\u00e1 altamente evaluado por la OMS (Organizaci\u00f3n Mundial de la Salud).<\/p>\n\n<p>En comparaci\u00f3n con Tateai, Ryukyu Ai a\u00fan no ha sido investigado ni investigado, y hay muchas cosas que no entendemos. Con la cooperaci\u00f3n de la Universidad de Ryukyus (y Okinawa TLO), estamos realizando pruebas funcionales en el antibacteriano y desodorante de Ryukyu Aifu te\u00f1ido por nosotros mismos.<\/p>\n","protected":false},"excerpt":{"rendered":"Sobre la historia de Amami Ai, \u00abAizen\u00bb que est\u00e1 cerca de nuestras vidas Desde la antig\u00fcedad, Aizen ha estado profundamente involucrado en la vida japonesa. Su azul profundo y especial ha sido amado por la gente durante mucho tiempo y se ha mezclado con nuestra vida diaria. Presentamos la historia de Aizen y el \u00abRyukyu Ai\u00bb que el Grupo de Estudio Amami Aizen est\u00e1 trabajando para revivir. Historia del te\u00f1ido \u00edndigo Seg\u00fan una teor\u00eda, se dice que la historia del te\u00f1ido con \u00edndigo es el tinte m\u00e1s antiguo de la humanidad y se ha utilizado en todo el mundo desde la antig\u00fcedad. Se dice que el \u00edndigo se us\u00f3 principalmente en el oeste de Asia alrededor del a\u00f1o 6000 a. C., y alrededor del a\u00f1o 3000 a. C. se han excavado en Turqu\u00eda productos te\u00f1idos y tejidos. Tambi\u00e9n se us\u00f3 tela te\u00f1ida de a\u00f1il para las momias de Tutankam\u00f3n. Se dice que el m\u00e9todo...","protected":false},"author":1,"featured_media":2870,"parent":0,"menu_order":0,"comment_status":"closed","ping_status":"closed","template":"","meta":{"footnotes":""},"class_list":["post-4962","page","type-page","status-publish","has-post-thumbnail","hentry"],"_links":{"self":[{"href":"https:\/\/amamiai.com\/es\/wp-json\/wp\/v2\/pages\/4962","targetHints":{"allow":["GET"]}}],"collection":[{"href":"https:\/\/amamiai.com\/es\/wp-json\/wp\/v2\/pages"}],"about":[{"href":"https:\/\/amamiai.com\/es\/wp-json\/wp\/v2\/types\/page"}],"author":[{"embeddable":true,"href":"https:\/\/amamiai.com\/es\/wp-json\/wp\/v2\/users\/1"}],"replies":[{"embeddable":true,"href":"https:\/\/amamiai.com\/es\/wp-json\/wp\/v2\/comments?post=4962"}],"version-history":[{"count":3,"href":"https:\/\/amamiai.com\/es\/wp-json\/wp\/v2\/pages\/4962\/revisions"}],"predecessor-version":[{"id":4982,"href":"https:\/\/amamiai.com\/es\/wp-json\/wp\/v2\/pages\/4962\/revisions\/4982"}],"wp:featuredmedia":[{"embeddable":true,"href":"https:\/\/amamiai.com\/es\/wp-json\/wp\/v2\/media\/2870"}],"wp:attachment":[{"href":"https:\/\/amamiai.com\/es\/wp-json\/wp\/v2\/media?parent=4962"}],"curies":[{"name":"wp","href":"https:\/\/api.w.org\/{rel}","templated":true}]}}