{"id":4924,"date":"2022-03-12T19:01:27","date_gmt":"2022-03-12T10:01:27","guid":{"rendered":"https:\/\/amamiai.com\/page-dexemple\/"},"modified":"2022-03-12T19:01:27","modified_gmt":"2022-03-12T10:01:27","slug":"page-dexemple","status":"publish","type":"page","link":"https:\/\/amamiai.com\/fr\/page-dexemple\/","title":{"rendered":"Page d&rsquo;exemple"},"content":{"rendered":"\n<p>Ceci est un exemple de page. Il diff\u00e8re des articles de blog en ce qu&rsquo;il est fix\u00e9 dans la m\u00eame position et (dans de nombreux th\u00e8mes) est inclus dans le menu de navigation du site. Tout d&rsquo;abord, il est courant de cr\u00e9er une page d&rsquo;auto-pr\u00e9sentation qui vous explique aux visiteurs de votre site. Par exemple:<\/p>\n\n<blockquote class=\"wp-block-quote is-layout-flow wp-block-quote-is-layout-flow\"><p>Ravi de vous rencontrer. Je travaille comme messager \u00e0 moto pendant la journ\u00e9e, mais je veux aussi \u00eatre acteur. Ceci est mon site. J&rsquo;habite \u00e0 Los Angeles et j&rsquo;ai un chien mignon qui s&rsquo;appelle Jack. Mon pr\u00e9f\u00e9r\u00e9 est la pina colada et se mouiller sous la pluie de la rue.<\/p><\/blockquote>\n\n<p>Ou quelque chose comme \u00e7a.<\/p>\n\n<blockquote class=\"wp-block-quote is-layout-flow wp-block-quote-is-layout-flow\"><p>Depuis sa fondation en 1971, XYZ Props Co., Ltd. fournit des accessoires de haute qualit\u00e9 \u00e0 tout le monde. Situ\u00e9e \u00e0 Gotham City, notre entreprise emploie plus de 2 000 personnes et contribue \u00e0 la communaut\u00e9 locale de plusieurs fa\u00e7ons.<\/p><\/blockquote>\n\n<p>Si vous \u00eates un nouvel utilisateur de WordPress, veuillez vous rendre sur votre tableau de <a href=\"http:\/\/amamiai.com\/wp-admin\/\">bord<\/a> , supprimer cette page et cr\u00e9er une nouvelle page avec votre propre contenu. S&rsquo;amuser!<\/p>\n","protected":false},"excerpt":{"rendered":"Ceci est un exemple de page. Il diff\u00e8re des articles de blog en ce qu&rsquo;il est fix\u00e9 dans la m\u00eame position et (dans de nombreux th\u00e8mes) est inclus dans le menu de navigation du site. Tout d&rsquo;abord, il est courant de cr\u00e9er une page d&rsquo;auto-pr\u00e9sentation qui vous explique aux visiteurs de votre site. Par exemple: Ravi de vous rencontrer. Je travaille comme messager \u00e0 moto pendant la journ\u00e9e, mais je veux aussi \u00eatre acteur. Ceci est mon site. J&rsquo;habite \u00e0 Los Angeles et j&rsquo;ai un chien mignon qui s&rsquo;appelle Jack. Mon pr\u00e9f\u00e9r\u00e9 est la pina colada et se mouiller sous la pluie de la rue. Ou quelque chose comme \u00e7a. Depuis sa fondation en 1971, XYZ Props Co., Ltd. fournit des accessoires de haute qualit\u00e9 \u00e0 tout le monde. Situ\u00e9e \u00e0 Gotham City, notre entreprise emploie plus de 2 000 personnes et contribue \u00e0 la communaut\u00e9 locale de plusieurs fa\u00e7ons. Si vous \u00eates un...","protected":false},"author":1,"featured_media":0,"parent":0,"menu_order":0,"comment_status":"closed","ping_status":"open","template":"","meta":{"footnotes":""},"class_list":["post-4924","page","type-page","status-publish","hentry"],"_links":{"self":[{"href":"https:\/\/amamiai.com\/fr\/wp-json\/wp\/v2\/pages\/4924","targetHints":{"allow":["GET"]}}],"collection":[{"href":"https:\/\/amamiai.com\/fr\/wp-json\/wp\/v2\/pages"}],"about":[{"href":"https:\/\/amamiai.com\/fr\/wp-json\/wp\/v2\/types\/page"}],"author":[{"embeddable":true,"href":"https:\/\/amamiai.com\/fr\/wp-json\/wp\/v2\/users\/1"}],"replies":[{"embeddable":true,"href":"https:\/\/amamiai.com\/fr\/wp-json\/wp\/v2\/comments?post=4924"}],"version-history":[{"count":1,"href":"https:\/\/amamiai.com\/fr\/wp-json\/wp\/v2\/pages\/4924\/revisions"}],"predecessor-version":[{"id":4926,"href":"https:\/\/amamiai.com\/fr\/wp-json\/wp\/v2\/pages\/4924\/revisions\/4926"}],"wp:attachment":[{"href":"https:\/\/amamiai.com\/fr\/wp-json\/wp\/v2\/media?parent=4924"}],"curies":[{"name":"wp","href":"https:\/\/api.w.org\/{rel}","templated":true}]}}