{"id":4953,"date":"2022-03-12T19:01:34","date_gmt":"2022-03-12T10:01:34","guid":{"rendered":"https:\/\/amamiai.com\/amami-oshima-un-site-du-patrimoine-naturel-mondial-est-fascine-par-sa-nature-riche-et-sa-culture-traditionnelle-unique\/"},"modified":"2022-03-12T19:01:44","modified_gmt":"2022-03-12T10:01:44","slug":"amami-oshima-un-site-du-patrimoine-naturel-mondial-est-fascine-par-sa-nature-riche-et-sa-culture-traditionnelle-unique","status":"publish","type":"page","link":"https:\/\/amamiai.com\/fr\/amami-oshima-un-site-du-patrimoine-naturel-mondial-est-fascine-par-sa-nature-riche-et-sa-culture-traditionnelle-unique\/","title":{"rendered":"Amami Oshima, un site du patrimoine naturel mondial, est fascin\u00e9 par sa nature riche et sa culture traditionnelle unique"},"content":{"rendered":"\n<h2 class=\"wp-block-heading\"><strong>Quel genre d&rsquo;\u00eele est Amami Oshima\u00a0?<\/strong><\/h2>\n\n<p>Amami Oshima est situ\u00e9 au milieu du continent de Kagoshima et de l&rsquo;\u00eele principale d&rsquo;Okinawa, loin au sud de Kyushu. La superficie est de 712,4 km\u00b2. Parmi les \u00eeles \u00e9loign\u00e9es du Japon, c&rsquo;est la troisi\u00e8me plus grande \u00eele apr\u00e8s l&rsquo;\u00eele principale d&rsquo;Okinawa et l&rsquo;\u00eele de Sado.<\/p>\n\n<p>Il est \u00e0 environ 80 km de Kasari-cho \u00e0 l&rsquo;extr\u00e9mit\u00e9 nord, qui est proche de l&rsquo;a\u00e9roport d&rsquo;Amami, \u00e0 Koniya, Setouchi-cho \u00e0 l&rsquo;extr\u00e9mit\u00e9 sud, et \u00e0 environ 2 heures en voiture. La r\u00e9gion de Naze, qui est le centre d&rsquo;Amami, compte de nombreux restaurants et est une ville anim\u00e9e, mais la majeure partie de l&rsquo;\u00eele est couverte de verdure sombre et la nature dynamique intacte s&rsquo;\u00e9tend.<\/p>\n\n<figure class=\"wp-block-gallery has-nested-images columns-default is-cropped wp-block-gallery-1 is-layout-flex wp-block-gallery-is-layout-flex\">\n<figure class=\"wp-block-image size-large\"><img loading=\"lazy\" decoding=\"async\" width=\"2000\" height=\"1333\" data-id=\"4034\" src=\"https:\/\/amamiai.com\/wp-content\/uploads\/2022\/01\/KAW1113.jpg\" alt=\"\" class=\"wp-image-4034\"\/><\/figure><\/figure>\n\n<h2 class=\"wp-block-heading\"><strong>Bienvenue \u00e0 Kakeromajima<\/strong><\/h2>\n\n<p>Kakeromajima, o\u00f9 se trouve le groupe d&rsquo;\u00e9tude Amami Aizen, est une petite \u00eele \u00e0 environ 15 minutes en bateau du port de Koniya, qui est la pointe la plus au sud de l&rsquo;\u00eele principale d&rsquo;Amami, de l&rsquo;autre c\u00f4t\u00e9 de la mer. La population est d&rsquo;environ 1000. Il n&rsquo;y a pas de d\u00e9panneur dans la ville et l&rsquo;environnement Internet ne suffit pas. Vous pouvez penser qu&rsquo;il n&rsquo;y a rien pendant un moment, mais il y a une vue magnifique juste devant vous dont vous n&rsquo;avez plus besoin.<\/p>\n\n<figure class=\"wp-block-gallery has-nested-images columns-default is-cropped wp-block-gallery-2 is-layout-flex wp-block-gallery-is-layout-flex\">\n<figure class=\"wp-block-image size-large\"><img loading=\"lazy\" decoding=\"async\" width=\"2000\" height=\"1333\" data-id=\"3959\" src=\"https:\/\/amamiai.com\/wp-content\/uploads\/2022\/01\/KAW0460.jpg\" alt=\"\" class=\"wp-image-3959\"\/><\/figure><\/figure>\n\n<p>Une plage de sable blanc d&rsquo;une beaut\u00e9 infinie, une mer claire et un banian puissant qui semble commencer \u00e0 bouger \u00e0 tout moment. L&rsquo;air myst\u00e9rieux et clair unique \u00e0 cette \u00eele est quelque chose que vous ne pouvez jamais ressentir ailleurs. Vous laisser dans la nature magnifique et passer un moment de d\u00e9tente sur l&rsquo;\u00eele vous lib\u00e9rera de votre vie quotidienne tr\u00e9pidante, oubliera vos d\u00e9go\u00fbts et soufflera la fatigue de la ville.<\/p>\n\n<h2 class=\"wp-block-heading\"><strong>Amami Oshima, nature color\u00e9e<\/strong><\/h2>\n\n<p>La chose la plus accrocheuse pour ceux qui viennent \u00e0 Amami Oshima est la couleur claire et rafra\u00eechissante des r\u00e9cifs coralliens, \u00e9galement connue sous le nom de \u00ab\u00a0Amami Blue\u00a0\u00bb. Qu&rsquo;il s&rsquo;agisse de bleu cobalt ou de vert \u00e9meraude, vous serez fascin\u00e9 par les couleurs incroyablement riches qui ne peuvent pas \u00eatre facilement d\u00e9crites.<\/p>\n\n<figure class=\"wp-block-gallery has-nested-images columns-default is-cropped wp-block-gallery-3 is-layout-flex wp-block-gallery-is-layout-flex\">\n<figure class=\"wp-block-image size-large\"><img loading=\"lazy\" decoding=\"async\" width=\"2000\" height=\"1333\" data-id=\"4649\" src=\"https:\/\/amamiai.com\/wp-content\/uploads\/2022\/01\/KAW8961.jpg\" alt=\"\" class=\"wp-image-4649\"\/><\/figure><\/figure>\n\n<p>L&rsquo;expression change d&rsquo;instant en instant en fonction de la saison, de l&rsquo;heure et du temps, comme la surface de l&rsquo;eau dor\u00e9e qui brille avec le soleil levant, le bleu refl\u00e9t\u00e9 sous le ciel bleu o\u00f9 le soleil brille, et l&rsquo;orange ardent quand le soleil cr\u00e9pusculaire Dans le paysage, vous pouvez rencontrer un moment miraculeux \u00e0 couper le souffle.<\/p>\n\n<p>D&rsquo;autre part, la plupart des zones montagneuses qui occupent la majeure partie de l&rsquo;\u00eele sont de vastes for\u00eats. La plus grande for\u00eat de lauriers subtropicaux du Japon s&rsquo;\u00e9tend. Il existe de nombreux sites pittoresques populaires tels que la for\u00eat vierge de mangrove o\u00f9 vous pourrez faire du cano\u00eb tout en interagissant avec la nature.<\/p>\n\n<p>Il attire l&rsquo;attention en tant que l&rsquo;un des principaux sites d&rsquo;observation et de baignade des baleines au monde, visit\u00e9 chaque ann\u00e9e par les parents et les enfants de baleines \u00e0 bosse en hiver.<\/p>\n\n<p>Dans la for\u00eat, il existe de nombreux animaux et plantes rares qui ne peuvent \u00eatre vus que dans cette r\u00e9gion du monde, tels que des monuments naturels tels que le lapin Amami et des esp\u00e8ces menac\u00e9es. Le 26 juillet, 3e ann\u00e9e de Reiwa, l&rsquo;inscription de \u00ab\u00a0Amami Oshima, Tokunoshima, l&rsquo;\u00eele du nord d&rsquo;Okinawa et l&rsquo;\u00eele de Nishiomote\u00a0\u00bb a \u00e9t\u00e9 officiellement d\u00e9cid\u00e9e en tant que site du patrimoine naturel mondial.<\/p>\n\n<figure class=\"wp-block-gallery has-nested-images columns-default is-cropped wp-block-gallery-4 is-layout-flex wp-block-gallery-is-layout-flex\">\n<figure class=\"wp-block-image size-large\"><img loading=\"lazy\" decoding=\"async\" width=\"2000\" height=\"1333\" data-id=\"4280\" src=\"https:\/\/amamiai.com\/wp-content\/uploads\/2022\/01\/KAW2831.jpg\" alt=\"\" class=\"wp-image-4280\"\/><\/figure><\/figure>\n\n<h2 class=\"wp-block-heading\"><strong>Culture traditionnelle vivante, cuisine locale et chaleur des insulaires<\/strong><\/h2>\n\n<p>La nature abondante est une grande attraction d&rsquo;Amami Oshima, mais ce n&rsquo;est pas la seule. La culture traditionnelle unique entretenue par les habitants de l&rsquo;\u00eele est une exp\u00e9rience pr\u00e9cieuse qui ne peut \u00eatre v\u00e9cue nulle part ailleurs. Par exemple, \u00e0 Amami, il y a une coutume de consid\u00e9rer le mois d&rsquo;ao\u00fbt dans le calendrier lunaire comme le Nouvel An, et les gens chantent et dansent en cercle tout en frappant un petit tambour appel\u00e9 Chijin, souhaitant un sentiment de gratitude envers Dieu et une bonne moisson Il y a une f\u00eate qui s&rsquo;appelle. De nombreuses friandises sont align\u00e9es au centre et des rires anim\u00e9s r\u00e9sonnent jusque tard dans la nuit, ce qui est une coutume locale de cette \u00eele.<\/p>\n\n<p>Bien s\u00fbr, vous ne pouvez pas manquer la nourriture de l&rsquo;\u00eele. La cuisine locale s&rsquo;appelle \u00ab\u00a0shimajuri\u00a0\u00bb, et il est difficile de la trouver ailleurs. Le plat le plus connu est le riz au poulet. On dit qu&rsquo;il a \u00e9t\u00e9 cr\u00e9\u00e9 pour divertir les fonctionnaires pendant la p\u00e9riode Edo sous le contr\u00f4le du domaine de Satsuma. Mettez des ingr\u00e9dients tels que du poulet bouilli et desserr\u00e9, des cornichons et des \u0153ufs de bouillon sur du riz et saupoudrez de soupe au poulet chaude.<\/p>\n\n<p>Pour ceux qui ne sont jamais all\u00e9s sur l&rsquo;\u00eele, comme le somen \u00e0 l&rsquo;huile, le jus de ch\u00e8vre, le tobinnya bouilli sal\u00e9 (magakigai), la papaye marin\u00e9e, le sotetsu miso et la boisson ferment\u00e9e miki, il suffit de demander une fois. ne peux pas imaginer. Si vous essayez une bouch\u00e9e de chacun, ce sera d\u00e9licieux et soulag\u00e9. Une caract\u00e9ristique majeure de cette \u00eele est que vous pouvez obtenir une vari\u00e9t\u00e9 d&rsquo;ingr\u00e9dients frais tels que du poisson, des l\u00e9gumes et des fruits.<\/p>\n\n<figure class=\"wp-block-gallery has-nested-images columns-default is-cropped wp-block-gallery-5 is-layout-flex wp-block-gallery-is-layout-flex\">\n<figure class=\"wp-block-image size-large\"><img loading=\"lazy\" decoding=\"async\" width=\"2000\" height=\"1333\" data-id=\"4385\" src=\"https:\/\/amamiai.com\/wp-content\/uploads\/2022\/01\/KAW7757.jpg\" alt=\"\" class=\"wp-image-4385\"\/><\/figure><\/figure>\n\n<p>Et apr\u00e8s tout, la chose la plus agr\u00e9able est d&rsquo;interagir avec les gens qui vivent sur l&rsquo;\u00eele. L&rsquo;hospitalit\u00e9 chaleureuse et chaleureuse des insulaires fera fondre le c\u0153ur des visiteurs, les gu\u00e9rira et vous mettra \u00e0 l&rsquo;aise.<\/p>\n","protected":false},"excerpt":{"rendered":"Quel genre d&rsquo;\u00eele est Amami Oshima\u00a0? Amami Oshima est situ\u00e9 au milieu du continent de Kagoshima et de l&rsquo;\u00eele principale d&rsquo;Okinawa, loin au sud de Kyushu. La superficie est de 712,4 km\u00b2. Parmi les \u00eeles \u00e9loign\u00e9es du Japon, c&rsquo;est la troisi\u00e8me plus grande \u00eele apr\u00e8s l&rsquo;\u00eele principale d&rsquo;Okinawa et l&rsquo;\u00eele de Sado. Il est \u00e0 environ 80 km de Kasari-cho \u00e0 l&rsquo;extr\u00e9mit\u00e9 nord, qui est proche de l&rsquo;a\u00e9roport d&rsquo;Amami, \u00e0 Koniya, Setouchi-cho \u00e0 l&rsquo;extr\u00e9mit\u00e9 sud, et \u00e0 environ 2 heures en voiture. La r\u00e9gion de Naze, qui est le centre d&rsquo;Amami, compte de nombreux restaurants et est une ville anim\u00e9e, mais la majeure partie de l&rsquo;\u00eele est couverte de verdure sombre et la nature dynamique intacte s&rsquo;\u00e9tend. Bienvenue \u00e0 Kakeromajima Kakeromajima, o\u00f9 se trouve le groupe d&rsquo;\u00e9tude Amami Aizen, est une petite \u00eele \u00e0 environ 15 minutes en bateau du port de Koniya, qui est la pointe la plus au sud de l&rsquo;\u00eele principale...","protected":false},"author":1,"featured_media":4028,"parent":0,"menu_order":0,"comment_status":"closed","ping_status":"closed","template":"","meta":{"footnotes":""},"class_list":["post-4953","page","type-page","status-publish","has-post-thumbnail","hentry"],"_links":{"self":[{"href":"https:\/\/amamiai.com\/fr\/wp-json\/wp\/v2\/pages\/4953","targetHints":{"allow":["GET"]}}],"collection":[{"href":"https:\/\/amamiai.com\/fr\/wp-json\/wp\/v2\/pages"}],"about":[{"href":"https:\/\/amamiai.com\/fr\/wp-json\/wp\/v2\/types\/page"}],"author":[{"embeddable":true,"href":"https:\/\/amamiai.com\/fr\/wp-json\/wp\/v2\/users\/1"}],"replies":[{"embeddable":true,"href":"https:\/\/amamiai.com\/fr\/wp-json\/wp\/v2\/comments?post=4953"}],"version-history":[{"count":3,"href":"https:\/\/amamiai.com\/fr\/wp-json\/wp\/v2\/pages\/4953\/revisions"}],"predecessor-version":[{"id":4989,"href":"https:\/\/amamiai.com\/fr\/wp-json\/wp\/v2\/pages\/4953\/revisions\/4989"}],"wp:featuredmedia":[{"embeddable":true,"href":"https:\/\/amamiai.com\/fr\/wp-json\/wp\/v2\/media\/4028"}],"wp:attachment":[{"href":"https:\/\/amamiai.com\/fr\/wp-json\/wp\/v2\/media?parent=4953"}],"curies":[{"name":"wp","href":"https:\/\/api.w.org\/{rel}","templated":true}]}}