{"id":5419,"date":"2023-08-28T18:17:17","date_gmt":"2023-08-28T09:17:17","guid":{"rendered":"https:\/\/amamiai.com\/%ef%bc%bbexposition-16-18-sep-fri-minne-handmade-market-2023-a-tokyo-big-sight\/"},"modified":"2023-09-09T14:14:56","modified_gmt":"2023-09-09T05:14:56","slug":"%ef%bc%bbexposition-16-18-sep-fri-minne-handmade-market-2023-a-tokyo-big-sight","status":"publish","type":"page","link":"https:\/\/amamiai.com\/fr\/%ef%bc%bbexposition-16-18-sep-fri-minne-handmade-market-2023-a-tokyo-big-sight\/","title":{"rendered":"\uff3bExposition] 16-18 sept (sam) &lsquo;minne Handmade Market 2023&rsquo; \u00e0 Tokyo Big Sight."},"content":{"rendered":"\n<h6 class=\"wp-block-heading\">\u25a0 Table des mati\u00e8res<\/h6>\n\n<p><strong>Premi\u00e8re participation au <a rel=\"noreferrer noopener\" href=\"https:\/\/minne.com\/handmade-market\" target=\"_blank\">Minne Handmade Market 2023<\/a>, l&rsquo;un des plus grands \u00e9v\u00e9nements de produits faits main au Japon ! Exposition.<\/strong><\/p>\n\n<p>Nous nous effor\u00e7ons de faire revivre la culture de l&rsquo;indigo d&rsquo;Amami, depuis la culture de l&rsquo;indigo jusqu&rsquo;\u00e0 la teinture de l'\u00a0\u00bbindigo d&rsquo;Amami\u00a0\u00bb, en voie de disparition.<\/p>\n\n<p>Depuis l&rsquo;Antiquit\u00e9, la teinture \u00e0 l&rsquo;indigo est pratiqu\u00e9e \u00e0 Amami, \u00e0 partir de l&rsquo;indigo qui pousse \u00e0 l&rsquo;\u00e9tat sauvage dans les montagnes, et \u00e9tait apparemment port\u00e9e par les femmes qui officiaient lors des rituels shinto\u00efstes.<\/p>\n\n<p>Toutes les \u0153uvres, qui sont teintes \u00e0 la main avec de l&rsquo;indigo naturel de Ryukyu, sont des pi\u00e8ces uniques cr\u00e9\u00e9es par la nature.<\/p>\n\n<p>Cette fois, chaque pi\u00e8ce, y compris une \u00e9tole en soie semblable \u00e0 une plume et une robe exprimant la beaut\u00e9 de la mer d&rsquo;Amami, est teinte \u00e0 la main avec de l&rsquo;indigo naturel de Ryukyu, expos\u00e9e au vent, arros\u00e9e d&rsquo;eau, finie et livr\u00e9e.<\/p>\n\n<p>Nous travaillons \u00e9galement d&rsquo;arrache-pied pour d\u00e9voiler nos nouveaux produits !<\/p>\n\n<figure class=\"wp-block-image size-large\"><img loading=\"lazy\" decoding=\"async\" width=\"768\" height=\"1024\" src=\"https:\/\/amamiai.com\/wp-content\/uploads\/2023\/09\/B896CEDC-3E3C-4D6D-B754-15DB0C46636F-768x1024.jpeg\" alt=\"\" class=\"wp-image-5899\"\/><\/figure>\n<p>J&rsquo;ai quitt\u00e9 la ville pour m&rsquo;installer sur l&rsquo;\u00eele de Kakeroma, une \u00eele isol\u00e9e d&rsquo;Amami, et j&rsquo;ai \u00e9t\u00e9 fascin\u00e9e par la teinture \u00e0 l&rsquo;indigo, que j&rsquo;ai d\u00e9couverte sur l&rsquo;\u00eele.<\/p>\n\n<figure class=\"wp-block-image size-full\"><img decoding=\"async\" src=\"https:\/\/amamiai.com\/wp-content\/uploads\/2023\/09\/&#x5236;&#x4F5C;&#x98A8;&#x666F;&#x4E00;&#x89A7;9&#x679A;02.png\" alt=\"\" class=\"wp-image-5994\"\/><\/figure>\n<p><a href=\"https:\/\/minne.com\/@rika-hitsuki\" target=\"_blank\" rel=\"noreferrer noopener\">Magasin.<\/a><\/p>\n\n<p><a href=\"https:\/\/amamiai.com\/fr\/information\/liste-des-expositions-amami-ai-prevues-pour-lannee-fiscale-2023-tokyo-tokyo-amami-yokohama-yokohama-kitakamakura-et-tokyo-en-septembre-octobre-novembre-decembre-et-janvier-respectiveme\/\" data-type=\"link\" data-id=\"https:\/\/amamiai.com\/information\/2023tenjikai\/\">Liste des expositions en 2023 (Tokyo, Yokohama, Kitakamakura) Cliquez ici.<\/a><\/p>\n\n<p>Pour toute demande concernant l&rsquo;exposition, veuillez contacter [info@amamiai.com] (Mizutani)<\/p>\n\n<ul class=\"wp-block-list\">\n<li>Date : 16 (sam) &#8211; 18 (lun) septembre 2023<\/li>\n\n\n\n<li>Heures\u00a0: 11\u00a0h\u00a000-18\u00a0h\u00a000<\/li>\n\n\n\n<li><\/li>\n\n\n\n<li>Lieu : Tokyo Big Sight, East Hall 7, <strong>stand n\u00b0 E596<\/strong><\/li>\n\n\n\n<li>Venue MAP here\u2193.<\/li>\n<\/ul>\n\n<div data-wp-interactive=\"core\/file\" class=\"wp-block-file\"><object data-wp-bind--hidden=\"!state.hasPdfPreview\" hidden class=\"wp-block-file__embed\" data=\"https:\/\/amamiai.com\/wp-content\/uploads\/2023\/09\/&#x3010;MAP&#x3011;-&#x300C;&#x65E5;&#x6708;&#x661F;&#x8349;&#x300D;&#x30D6;&#x30FC;&#x30B9;&#x756A;&#x53F7;&#xFF1A;E596&#x3000;minne&#x30CF;&#x30F3;&#x30C9;&#x30E1;&#x30A4;&#x30C9;&#x30DE;&#x30FC;&#x30B1;&#x30C3;&#x30C8;&#x4F1A;&#x5834;.pdf\" type=\"application\/pdf\" style=\"width:100%;height:600px\" aria-label=\"Contenu embarqu\u00e9 \u3010MAP\u3011-\u300c\u65e5\u6708\u661f\u8349\u300d\u30d6\u30fc\u30b9\u756a\u53f7\uff1aE596\u3000minne\u30cf\u30f3\u30c9\u30e1\u30a4\u30c9\u30de\u30fc\u30b1\u30c3\u30c8\u4f1a\u5834.\"><\/object><a id=\"wp-block-file--media-62dbbc6d-09e8-4318-affa-ebe20bd40bd5\" href=\"https:\/\/amamiai.com\/wp-content\/uploads\/2023\/09\/&#x3010;MAP&#x3011;-&#x300C;&#x65E5;&#x6708;&#x661F;&#x8349;&#x300D;&#x30D6;&#x30FC;&#x30B9;&#x756A;&#x53F7;&#xFF1A;E596&#x3000;minne&#x30CF;&#x30F3;&#x30C9;&#x30E1;&#x30A4;&#x30C9;&#x30DE;&#x30FC;&#x30B1;&#x30C3;&#x30C8;&#x4F1A;&#x5834;.pdf\">[MAP] &#8211; \u00ab\u00a0Sun Moon Star Grass\u00a0\u00bb num\u00e9ro de stand : E596 lieu du march\u00e9 artisanal de Minne<\/a><a href=\"https:\/\/amamiai.com\/wp-content\/uploads\/2023\/09\/&#x3010;MAP&#x3011;-&#x300C;&#x65E5;&#x6708;&#x661F;&#x8349;&#x300D;&#x30D6;&#x30FC;&#x30B9;&#x756A;&#x53F7;&#xFF1A;E596&#x3000;minne&#x30CF;&#x30F3;&#x30C9;&#x30E1;&#x30A4;&#x30C9;&#x30DE;&#x30FC;&#x30B1;&#x30C3;&#x30C8;&#x4F1A;&#x5834;.pdf\" class=\"wp-block-file__button wp-element-button\" download=\"\" aria-describedby=\"wp-block-file--media-62dbbc6d-09e8-4318-affa-ebe20bd40bd5\">T\u00e9l\u00e9charger.<\/a><\/div>\n\n<p><\/p>\n\n<ul class=\"wp-block-list\">\n<li><a rel=\"noreferrer noopener\" href=\"https:\/\/minne.com\/handmade-market\/access\" target=\"_blank\">Acc\u00e8s : voir ici.<\/a><\/li>\n\n\n\n<li>Gare la plus proche :<br\/>Yurikamome Tokyo Big Sight Station (\u00e0 environ 3 minutes \u00e0 pied de la station) Rinkai Line Kokusai-Tenjijo Station (\u00e0 environ 7 minutes \u00e0 pied de la station)<img decoding=\"async\" src=\"https:\/\/static.minne.com\/files\/minne\/page\/pages\/handmade-market\/access\/access_rinkai.jpg\" alt=\"Prenez la ligne JR Yamanote, la ligne JR Shonan Shinjuku ou la ligne JR Saikyo jusqu'&#xE0; Osaki, puis transf&#xE9;rez &#xE0; la ligne Rinkai et descendez &#xE0; Kokusai Tenjijo (14 minutes). Vous pouvez &#xE9;galement prendre la ligne JR Keiyo ou la ligne Yurakucho du m&#xE9;tro de Tokyo jusqu'&#xE0; Shinkiba, puis prendre la ligne Rinkai et descendre &#xE0; Kokusai Tenjijo (5 minutes).\"\/><\/li>\n<\/ul>\n","protected":false},"excerpt":{"rendered":"\u25a0 Table des mati\u00e8res Premi\u00e8re participation au Minne Handmade Market 2023, l&rsquo;un des plus grands \u00e9v\u00e9nements de produits faits main au Japon ! Exposition. Nous nous effor\u00e7ons de faire revivre la culture de l&rsquo;indigo d&rsquo;Amami, depuis la culture de l&rsquo;indigo jusqu&rsquo;\u00e0 la teinture de l'\u00a0\u00bbindigo d&rsquo;Amami\u00a0\u00bb, en voie de disparition. Depuis l&rsquo;Antiquit\u00e9, la teinture \u00e0 l&rsquo;indigo est pratiqu\u00e9e \u00e0 Amami, \u00e0 partir de l&rsquo;indigo qui pousse \u00e0 l&rsquo;\u00e9tat sauvage dans les montagnes, et \u00e9tait apparemment port\u00e9e par les femmes qui officiaient lors des rituels shinto\u00efstes. Toutes les \u0153uvres, qui sont teintes \u00e0 la main avec de l&rsquo;indigo naturel de Ryukyu, sont des pi\u00e8ces uniques cr\u00e9\u00e9es par la nature. Cette fois, chaque pi\u00e8ce, y compris une \u00e9tole en soie semblable \u00e0 une plume et une robe exprimant la beaut\u00e9 de la mer d&rsquo;Amami, est teinte \u00e0 la main avec de l&rsquo;indigo naturel de Ryukyu, expos\u00e9e au vent, arros\u00e9e d&rsquo;eau, finie et livr\u00e9e. Nous travaillons \u00e9galement...","protected":false},"author":1,"featured_media":5402,"parent":0,"menu_order":0,"comment_status":"closed","ping_status":"closed","template":"","meta":{"footnotes":""},"class_list":["post-5419","page","type-page","status-publish","has-post-thumbnail","hentry"],"_links":{"self":[{"href":"https:\/\/amamiai.com\/fr\/wp-json\/wp\/v2\/pages\/5419","targetHints":{"allow":["GET"]}}],"collection":[{"href":"https:\/\/amamiai.com\/fr\/wp-json\/wp\/v2\/pages"}],"about":[{"href":"https:\/\/amamiai.com\/fr\/wp-json\/wp\/v2\/types\/page"}],"author":[{"embeddable":true,"href":"https:\/\/amamiai.com\/fr\/wp-json\/wp\/v2\/users\/1"}],"replies":[{"embeddable":true,"href":"https:\/\/amamiai.com\/fr\/wp-json\/wp\/v2\/comments?post=5419"}],"version-history":[{"count":13,"href":"https:\/\/amamiai.com\/fr\/wp-json\/wp\/v2\/pages\/5419\/revisions"}],"predecessor-version":[{"id":6003,"href":"https:\/\/amamiai.com\/fr\/wp-json\/wp\/v2\/pages\/5419\/revisions\/6003"}],"wp:featuredmedia":[{"embeddable":true,"href":"https:\/\/amamiai.com\/fr\/wp-json\/wp\/v2\/media\/5402"}],"wp:attachment":[{"href":"https:\/\/amamiai.com\/fr\/wp-json\/wp\/v2\/media?parent=5419"}],"curies":[{"name":"wp","href":"https:\/\/api.w.org\/{rel}","templated":true}]}}