{"id":5628,"date":"2023-08-28T20:46:16","date_gmt":"2023-08-28T11:46:16","guid":{"rendered":"https:\/\/amamiai.com\/exposition-amami-5-jeu-9-lun-oct\/"},"modified":"2023-08-28T20:52:59","modified_gmt":"2023-08-28T11:52:59","slug":"exposition-amami-5-jeu-9-lun-oct","status":"publish","type":"page","link":"https:\/\/amamiai.com\/fr\/exposition-amami-5-jeu-9-lun-oct\/","title":{"rendered":"[Exposition] Amami 5 (jeu) &#8211; 9 (lun) oct."},"content":{"rendered":"\n<h6 class=\"wp-block-heading\">\u25a0 Table des mati\u00e8res<\/h6>\n\n<p><strong>Exposition \u00e0 l&rsquo;\u00e9v\u00e9nement d&rsquo;<strong>art<\/strong> et de gu\u00e9rison \u00ab\u00a0Musrasha\u00a0\u00bb d&rsquo;Amami Oshima.<\/strong><\/p>\n\n<figure class=\"wp-block-image size-large\"><img loading=\"lazy\" decoding=\"async\" width=\"732\" height=\"1024\" src=\"https:\/\/amamiai.com\/wp-content\/uploads\/2023\/08\/2D3FB13E-8F72-457C-A1DB-647F7E6F3F1D-732x1024.jpeg\" alt=\"\" class=\"wp-image-5608\"\/><\/figure>\n<p>Nous nous effor\u00e7ons de faire revivre la culture de l&rsquo;indigo d&rsquo;Amami, depuis la culture de l&rsquo;indigo jusqu&rsquo;\u00e0 la teinture de l'\u00a0\u00bbindigo d&rsquo;Amami\u00a0\u00bb, en voie de disparition.<\/p>\n\n<p>Depuis l&rsquo;Antiquit\u00e9, la teinture \u00e0 l&rsquo;indigo est pratiqu\u00e9e \u00e0 Amami, \u00e0 partir de l&rsquo;indigo qui pousse \u00e0 l&rsquo;\u00e9tat sauvage dans les montagnes, et \u00e9tait apparemment port\u00e9e par les femmes qui officiaient lors des rituels shinto\u00efstes.<\/p>\n\n<p>Toutes les \u0153uvres, qui sont teintes \u00e0 la main avec de l&rsquo;indigo naturel de Ryukyu, sont des pi\u00e8ces uniques cr\u00e9\u00e9es par la nature.<\/p>\n\n<p>Cette fois, chaque pi\u00e8ce, y compris une \u00e9tole en soie semblable \u00e0 une plume et une robe exprimant la beaut\u00e9 de la mer d&rsquo;Amami, est teinte \u00e0 la main avec de l&rsquo;indigo naturel de Ryukyu, expos\u00e9e au vent, arros\u00e9e d&rsquo;eau, finie et livr\u00e9e.<\/p>\n\n<p>Nous travaillons \u00e9galement d&rsquo;arrache-pied pour d\u00e9voiler nos nouveaux produits !<\/p>\n\n<p>J&rsquo;ai quitt\u00e9 la ville pour m&rsquo;installer sur l&rsquo;\u00eele de Kakeroma, une \u00eele isol\u00e9e d&rsquo;Amami, et j&rsquo;ai \u00e9t\u00e9 fascin\u00e9e par la teinture \u00e0 l&rsquo;indigo, que j&rsquo;ai d\u00e9couverte sur l&rsquo;\u00eele.<\/p>\n\n<p>Pour toute demande concernant l&rsquo;exposition, veuillez contacter [info@amamiai.com] (Mizutani)<\/p>\n\n<ul class=\"wp-block-list\">\n<li>Date : 5 (jeu) &#8211; 9 (mon) octobre 2023<\/li>\n\n\n\n<li>Heures\u00a0: 11\u00a0h\u00a000-18\u00a0h\u00a000<\/li>\n\n\n\n<li>Localisation :<a href=\"https:\/\/ods-koya.com\/index.html\">CAMP&amp;MUSIC. KOYA<\/a>\u3000 <a href=\"https:\/\/www.google.com\/maps\/place\/camp%26music,koya\/@28.4033864,129.6451079,17z\/data=!4m15!1m8!3m7!1s0x351fa28097b1d919:0x4561ab4879cf9fb4!2z44CSODk0LTA1MDgg6bm_5YWQ5bO255yM5aWE576O5biC56yg5Yip55S65aSn5a2X55So5a6J77yR77yS77yU77yW4oiS77yR!3b1!8m2!3d28.4033817!4d129.6476828!16s%2Fg%2F11clm5d9mb!3m5!1s0x351fa27fe0b84b27:0xa01d10110f8512c!8m2!3d28.404549!4d129.647882!16s%2Fg%2F11b8zyfwd6?hl=ja&amp;entry=ttu\">[MAP].<\/a><\/li>\n<\/ul>\n\n<p>\u3012894-0508<br\/><a href=\"https:\/\/www.google.com\/maps\/place\/camp%26music,koya\/@28.4033864,129.6451079,17z\/data=!4m15!1m8!3m7!1s0x351fa28097b1d919:0x4561ab4879cf9fb4!2z44CSODk0LTA1MDgg6bm_5YWQ5bO255yM5aWE576O5biC56yg5Yip55S65aSn5a2X55So5a6J77yR77yS77yU77yW4oiS77yR!3b1!8m2!3d28.4033817!4d129.6476828!16s%2Fg%2F11clm5d9mb!3m5!1s0x351fa27fe0b84b27:0xa01d10110f8512c!8m2!3d28.404549!4d129.647882!16s%2Fg%2F11b8zyfwd6?hl=ja&amp;entry=ttu\">1246-1 Oaza Yoan, Kasari-cho, Amami City, pr\u00e9fecture de Kagoshima<\/a><br\/>TEL : <a>070-6593-7752<\/a> Site web officiel <a rel=\"noreferrer noopener\" href=\"https:\/\/ods-koya.com\/stay\/index.html\" target=\"_blank\">: https:\/\/ods-koya.com\/stay\/index.html<\/a><\/p>\n","protected":false},"excerpt":{"rendered":"\u25a0 Table des mati\u00e8res Exposition \u00e0 l&rsquo;\u00e9v\u00e9nement d&rsquo;art et de gu\u00e9rison \u00ab\u00a0Musrasha\u00a0\u00bb d&rsquo;Amami Oshima. Nous nous effor\u00e7ons de faire revivre la culture de l&rsquo;indigo d&rsquo;Amami, depuis la culture de l&rsquo;indigo jusqu&rsquo;\u00e0 la teinture de l'\u00a0\u00bbindigo d&rsquo;Amami\u00a0\u00bb, en voie de disparition. Depuis l&rsquo;Antiquit\u00e9, la teinture \u00e0 l&rsquo;indigo est pratiqu\u00e9e \u00e0 Amami, \u00e0 partir de l&rsquo;indigo qui pousse \u00e0 l&rsquo;\u00e9tat sauvage dans les montagnes, et \u00e9tait apparemment port\u00e9e par les femmes qui officiaient lors des rituels shinto\u00efstes. Toutes les \u0153uvres, qui sont teintes \u00e0 la main avec de l&rsquo;indigo naturel de Ryukyu, sont des pi\u00e8ces uniques cr\u00e9\u00e9es par la nature. Cette fois, chaque pi\u00e8ce, y compris une \u00e9tole en soie semblable \u00e0 une plume et une robe exprimant la beaut\u00e9 de la mer d&rsquo;Amami, est teinte \u00e0 la main avec de l&rsquo;indigo naturel de Ryukyu, expos\u00e9e au vent, arros\u00e9e d&rsquo;eau, finie et livr\u00e9e. Nous travaillons \u00e9galement d&rsquo;arrache-pied pour d\u00e9voiler nos nouveaux produits ! J&rsquo;ai quitt\u00e9 la...","protected":false},"author":1,"featured_media":5618,"parent":0,"menu_order":0,"comment_status":"closed","ping_status":"closed","template":"","meta":{"footnotes":""},"class_list":["post-5628","page","type-page","status-publish","has-post-thumbnail","hentry"],"_links":{"self":[{"href":"https:\/\/amamiai.com\/fr\/wp-json\/wp\/v2\/pages\/5628","targetHints":{"allow":["GET"]}}],"collection":[{"href":"https:\/\/amamiai.com\/fr\/wp-json\/wp\/v2\/pages"}],"about":[{"href":"https:\/\/amamiai.com\/fr\/wp-json\/wp\/v2\/types\/page"}],"author":[{"embeddable":true,"href":"https:\/\/amamiai.com\/fr\/wp-json\/wp\/v2\/users\/1"}],"replies":[{"embeddable":true,"href":"https:\/\/amamiai.com\/fr\/wp-json\/wp\/v2\/comments?post=5628"}],"version-history":[{"count":3,"href":"https:\/\/amamiai.com\/fr\/wp-json\/wp\/v2\/pages\/5628\/revisions"}],"predecessor-version":[{"id":5648,"href":"https:\/\/amamiai.com\/fr\/wp-json\/wp\/v2\/pages\/5628\/revisions\/5648"}],"wp:featuredmedia":[{"embeddable":true,"href":"https:\/\/amamiai.com\/fr\/wp-json\/wp\/v2\/media\/5618"}],"wp:attachment":[{"href":"https:\/\/amamiai.com\/fr\/wp-json\/wp\/v2\/media?parent=5628"}],"curies":[{"name":"wp","href":"https:\/\/api.w.org\/{rel}","templated":true}]}}